{"id":3,"date":"2025-03-24T17:28:30","date_gmt":"2025-03-24T16:28:30","guid":{"rendered":"http:\/\/jurassic-airsoft.fr\/?page_id=3"},"modified":"2025-03-30T17:14:02","modified_gmt":"2025-03-30T15:14:02","slug":"politique-de-confidentialite","status":"publish","type":"page","link":"https:\/\/jurassic-airsoft.fr\/?page_id=3","title":{"rendered":"Politique de confidentialit\u00e9"},"content":{"rendered":"\n<p><strong>\u00c9diteur&nbsp;du site<\/strong><\/p>\n\n\n\n<p>Le pr\u00e9sent site est \u00e9dit\u00e9 et g\u00e9r\u00e9 par l\u2019entreprise Tik &amp; Tak, immatricul\u00e9e au Registre du Commerce et des Soci\u00e9t\u00e9s de LONS-LE-SAUNIER sous le num\u00e9ro 891 754 491, dont le si\u00e8ge social est situ\u00e9 5 rue du centre, 39800 Molain, FRANCE.<\/p>\n\n\n\n<p><strong>Directeur de la publication :<\/strong><\/p>\n\n\n\n<p>Monsieur Sylvain COLIN et Monsieur S\u00e9bastien LUCIEN, G\u00e9rants<\/p>\n\n\n\n<p>T\u00e9l\u00e9phone : \u00a007.72.69.60.00<\/p>\n\n\n\n<p>Email : Contact@jurassic-airsoft.fr<\/p>\n\n\n\n<p><strong>H\u00e9bergeur :<\/strong><\/p>\n\n\n\n<p>Site h\u00e9berg\u00e9 par OVH<\/p>\n\n\n\n<p>www.ovh.com<\/p>\n\n\n\n<p>Soci\u00e9t\u00e9 immatricul\u00e9e au RCS de LILLE sous le num\u00e9ro 537407926<\/p>\n\n\n\n<p>2 rue Kellermann, 59100, ROUBAIX, FRANCE.<\/p>\n\n\n\n<p><strong>Protection des donn\u00e9es personnelles<\/strong><\/p>\n\n\n\n<p>En conformit\u00e9 avec les dispositions de la loi du 6 janvier 1978 relative \u00e0 l\u2019informatique, aux fichiers et aux libert\u00e9s, le traitement automatis\u00e9 des donn\u00e9es \u00e0 caract\u00e8re personnel r\u00e9alis\u00e9 \u00e0 partir du pr\u00e9sent site internet fait l\u2019objet d\u2019une d\u00e9claration aupr\u00e8s de la CNIL (Commission Nationale de l\u2019Informatique et des Libert\u00e9s).<\/p>\n\n\n\n<p>Les informations nominatives fournies par les utilisateurs du pr\u00e9sent site internet sont \u00e0 usage interne de la SARL Tik &amp; Tak \u00e0 des fins de gestion des relations avec ses clients et prospects. Conform\u00e9ment \u00e0 l\u2019article 32 de la loi Informatique et Libert\u00e9s du 6 janvier 1978, l\u2019utilisateur est inform\u00e9 qu\u2019il dispose d\u2019un droit d\u2019acc\u00e8s, de rectification et de suppression portant sur les donn\u00e9es \u00e0 caract\u00e8re personnel le concernant en \u00e9crivant \u00e0 :<\/p>\n\n\n\n<p>Tik &amp; Tak<\/p>\n\n\n\n<p>5, rue du centre<\/p>\n\n\n\n<p>39800 MOLAIN<\/p>\n\n\n\n<p>ou en adressant sa demande par e-mail \u00e0 Contact@jurassic-airsoft.fr<\/p>\n\n\n\n<p>ou par t\u00e9l\u00e9phone 07.72.69.60.00<\/p>\n\n\n\n<p><strong>Protection et acc\u00e8s aux informations \u00e0 caract\u00e8re personnel \u2013 Loi RGPD&nbsp;<em>du&nbsp;<\/em>20 juin 2018<\/strong><\/p>\n\n\n\n<p><em>Cette loi a permis l\u2019adaptation de la<\/em><strong>&nbsp;loi \u201cInformatique et libert\u00e9s\u201d<\/strong><em>&nbsp;du 6 janvier 1978 au \u201cPaquet Europ\u00e9en, de protection des donn\u00e9es\u201d.<\/em><\/p>\n\n\n\n<p>La soci\u00e9t\u00e9 Tik &amp; Tak respecte la vie priv\u00e9e de ses adh\u00e9rents, clients et prospects et s\u2019engage \u00e0 ce que toutes les informations qu\u2019elle recueille, permettant d\u2019identifier ces derniers soient consid\u00e9r\u00e9es comme des informations confidentielles. Les informations recueillies sur ce site sont trait\u00e9es par la soci\u00e9t\u00e9 Tik &amp; Tak,<\/p>\n\n\n\n<p>Dont le si\u00e8ge est situ\u00e9 au 5 rue du centre, 39800 MOLAIN. La collecte des informations de nos clients sont essentielles \u00e0 la fourniture de nos services. Le refus de consentir au traitement de ses donn\u00e9es personnelles emp\u00eacherait l\u2019ex\u00e9cution de ces services.<\/p>\n\n\n\n<p>Les informations personnelles sont conserv\u00e9es pendant la dur\u00e9e l\u00e9gale de conservation et sont destin\u00e9es aux personnes n\u00e9cessaires \u00e0 leur traitement au sein de l\u2019association.<\/p>\n\n\n\n<p>En particulier, la soci\u00e9t\u00e9 Tik &amp; Tak, conservera en base active les donn\u00e9es li\u00e9es \u00e0 l\u2019inscription aux sessions ou tournois d\u2019airsoft, pour une dur\u00e9e maximale de 36 mois.<\/p>\n\n\n\n<p>Le client dispose d\u2019un droit d\u2019acc\u00e8s, de modification, de rectification des donn\u00e9es \u00e0 caract\u00e8re personnel le concernant.<\/p>\n\n\n\n<p>Le client pourra exercer ce droit en \u00e9crivant \u00e0 : Tik &amp; Tak, 5 rue du centre, 39800 MOLAIN ou par voie \u00e9lectronique \u00e0 : Contact@jurassic-airsoft.fr<\/p>\n\n\n\n<p>Le client a \u00e9galement le droit d\u2019introduire une r\u00e9clamation aupr\u00e8s de la CNIL. Le consentement au traitement des donn\u00e9es personnelles \u00e9tant une obligation du RGPD.<\/p>\n\n\n\n<p><strong>Propri\u00e9t\u00e9 intellectuelle et industrielle<\/strong><\/p>\n\n\n\n<p>Ce site internet est la propri\u00e9t\u00e9 de Tik &amp; Tak<\/p>\n\n\n\n<p>Toute extraction, par transfert permanent ou temporaire, de la totalit\u00e9 ou d\u2019une partie du contenu du pr\u00e9sent site internet sur un autre support, par tout moyen ou sous toute forme que ce soit, ainsi que la r\u00e9utilisation, par la mise \u00e0 disposition du public de la totalit\u00e9 ou d\u2019une partie du contenu du pr\u00e9sent site internet, quelle qu\u2019en soit la forme, est illicite. Tous les \u00e9l\u00e9ments (textes, commentaires, ouvrages, illustrations, logos, marques, vid\u00e9os et images, sans que cette liste soit limitative) affich\u00e9s ou cit\u00e9es sur le pr\u00e9sent site internet sont la propri\u00e9t\u00e9 exclusive de leurs titulaires respectifs. Conform\u00e9ment au Code de la Propri\u00e9t\u00e9 Intellectuelle, toute utilisation ou reproduction totale ou partielle desdits \u00e9l\u00e9ments effectu\u00e9e \u00e0 partir du pr\u00e9sent site internet sans l\u2019autorisation expresse et \u00e9crite de Tik &amp; Tak est interdite.<\/p>\n\n\n\n<p><strong>Utilisation du site<\/strong><\/p>\n\n\n\n<p>Tik &amp; Tak s\u2019engage \u00e0 mettre en \u0153uvre tous les moyens \u00e0 sa disposition pour assurer la fiabilit\u00e9 de l\u2019utilisation du pr\u00e9sent site internet et de ses contenus.<\/p>\n\n\n\n<p>N\u00e9anmoins,&nbsp;Tik &amp; Tak ne donne aucune garantie et ne saurait en aucun cas \u00eatre responsable de l\u2019utilisation faite du pr\u00e9sent site internet. Notamment,&nbsp; Tik &amp; Tak ne saurait \u00eatre tenu responsable en cas d\u2019erreurs, d\u2019interruptions, de dysfonctionnements, de perte de donn\u00e9es, de saturation du r\u00e9seau internet, de d\u00e9faillance de tout mat\u00e9riel de r\u00e9ception ou des lignes de communication, ou de tout autre \u00e9v\u00e8nement impactant ou r\u00e9sultant de l\u2019utilisation du pr\u00e9sent site internet. De m\u00eame, Tik &amp; Tak ne saurait voir sa responsabilit\u00e9 engag\u00e9e en raison de la nature ou du contenu des pages constituant le pr\u00e9sent site internet ou des sites tiers r\u00e9f\u00e9renc\u00e9s sur les pages du pr\u00e9sent site internet notamment ceux pour lesquels il existe un lien hypertexte.<\/p>\n\n\n\n<p><strong>Conditions G\u00e9n\u00e9rales de Vente TIK &amp; TAK<\/strong><\/p>\n\n\n\n<p>Toute commande pass\u00e9e aupr\u00e8s de Tik &amp; Tak implique l\u2019adh\u00e9sion enti\u00e8re et sans r\u00e9serve du client aux Conditions G\u00e9n\u00e9rales de Vente.<\/p>\n\n\n\n<p><strong>Cr\u00e9dits photographies et vid\u00e9os<\/strong><\/p>\n\n\n\n<p>Tik &amp; Tak, atteste que toutes les photographies utilis\u00e9es sur les sites suivants sont libres de droit&nbsp;: https:\/\/jurassic-airsoft.fr<\/p>\n","protected":false},"excerpt":{"rendered":"<p>\u00c9diteur&nbsp;du site Le pr\u00e9sent site est \u00e9dit\u00e9 et g\u00e9r\u00e9 par l\u2019entreprise Tik &amp; Tak, immatricul\u00e9e au Registre du Commerce et des Soci\u00e9t\u00e9s de LONS-LE-SAUNIER sous le num\u00e9ro 891 754 491, dont le si\u00e8ge social est situ\u00e9 5 rue du centre, 39800 Molain, FRANCE. Directeur de la publication : Monsieur Sylvain COLIN et Monsieur S\u00e9bastien LUCIEN, [&hellip;]<\/p>\n","protected":false},"author":1,"featured_media":0,"parent":0,"menu_order":0,"comment_status":"closed","ping_status":"open","template":"","meta":{"footnotes":""},"class_list":["post-3","page","type-page","status-publish","hentry"],"yoast_head":"<!-- This site is optimized with the Yoast SEO plugin v27.3 - https:\/\/yoast.com\/product\/yoast-seo-wordpress\/ -->\n<title>Politique de confidentialit\u00e9 - Jurassic Airsoft<\/title>\n<meta name=\"robots\" content=\"index, follow, max-snippet:-1, max-image-preview:large, max-video-preview:-1\" \/>\n<link rel=\"canonical\" href=\"https:\/\/jurassic-airsoft.fr\/?page_id=3\" \/>\n<meta property=\"og:locale\" content=\"fr_FR\" \/>\n<meta property=\"og:type\" content=\"article\" \/>\n<meta property=\"og:title\" content=\"Politique de confidentialit\u00e9 - Jurassic Airsoft\" \/>\n<meta property=\"og:description\" content=\"\u00c9diteur&nbsp;du site Le pr\u00e9sent site est \u00e9dit\u00e9 et g\u00e9r\u00e9 par l\u2019entreprise Tik &amp; Tak, immatricul\u00e9e au Registre du Commerce et des Soci\u00e9t\u00e9s de LONS-LE-SAUNIER sous le num\u00e9ro 891 754 491, dont le si\u00e8ge social est situ\u00e9 5 rue du centre, 39800 Molain, FRANCE. Directeur de la publication : Monsieur Sylvain COLIN et Monsieur S\u00e9bastien LUCIEN, [&hellip;]\" \/>\n<meta property=\"og:url\" content=\"https:\/\/jurassic-airsoft.fr\/?page_id=3\" \/>\n<meta property=\"og:site_name\" content=\"Jurassic Airsoft\" \/>\n<meta property=\"article:modified_time\" content=\"2025-03-30T15:14:02+00:00\" \/>\n<meta name=\"twitter:card\" content=\"summary_large_image\" \/>\n<meta name=\"twitter:label1\" content=\"Dur\u00e9e de lecture estim\u00e9e\" \/>\n\t<meta name=\"twitter:data1\" content=\"5 minutes\" \/>\n<script type=\"application\/ld+json\" class=\"yoast-schema-graph\">{\"@context\":\"https:\\\/\\\/schema.org\",\"@graph\":[{\"@type\":\"WebPage\",\"@id\":\"https:\\\/\\\/jurassic-airsoft.fr\\\/?page_id=3\",\"url\":\"https:\\\/\\\/jurassic-airsoft.fr\\\/?page_id=3\",\"name\":\"Politique de confidentialit\u00e9 - Jurassic Airsoft\",\"isPartOf\":{\"@id\":\"https:\\\/\\\/jurassic-airsoft.fr\\\/#website\"},\"datePublished\":\"2025-03-24T16:28:30+00:00\",\"dateModified\":\"2025-03-30T15:14:02+00:00\",\"breadcrumb\":{\"@id\":\"https:\\\/\\\/jurassic-airsoft.fr\\\/?page_id=3#breadcrumb\"},\"inLanguage\":\"fr-FR\",\"potentialAction\":[{\"@type\":\"ReadAction\",\"target\":[\"https:\\\/\\\/jurassic-airsoft.fr\\\/?page_id=3\"]}]},{\"@type\":\"BreadcrumbList\",\"@id\":\"https:\\\/\\\/jurassic-airsoft.fr\\\/?page_id=3#breadcrumb\",\"itemListElement\":[{\"@type\":\"ListItem\",\"position\":1,\"name\":\"Accueil\",\"item\":\"https:\\\/\\\/jurassic-airsoft.fr\\\/\"},{\"@type\":\"ListItem\",\"position\":2,\"name\":\"Politique de confidentialit\u00e9\"}]},{\"@type\":\"WebSite\",\"@id\":\"https:\\\/\\\/jurassic-airsoft.fr\\\/#website\",\"url\":\"https:\\\/\\\/jurassic-airsoft.fr\\\/\",\"name\":\"Jurassic Airsoft\",\"description\":\"\",\"publisher\":{\"@id\":\"https:\\\/\\\/jurassic-airsoft.fr\\\/#organization\"},\"potentialAction\":[{\"@type\":\"SearchAction\",\"target\":{\"@type\":\"EntryPoint\",\"urlTemplate\":\"https:\\\/\\\/jurassic-airsoft.fr\\\/?s={search_term_string}\"},\"query-input\":{\"@type\":\"PropertyValueSpecification\",\"valueRequired\":true,\"valueName\":\"search_term_string\"}}],\"inLanguage\":\"fr-FR\"},{\"@type\":\"Organization\",\"@id\":\"https:\\\/\\\/jurassic-airsoft.fr\\\/#organization\",\"name\":\"Jurassic Airsoft\",\"url\":\"https:\\\/\\\/jurassic-airsoft.fr\\\/\",\"logo\":{\"@type\":\"ImageObject\",\"inLanguage\":\"fr-FR\",\"@id\":\"https:\\\/\\\/jurassic-airsoft.fr\\\/#\\\/schema\\\/logo\\\/image\\\/\",\"url\":\"https:\\\/\\\/jurassic-airsoft.fr\\\/wp-content\\\/uploads\\\/2025\\\/03\\\/cropped-Logo_Jurassic_Airsoft_350.png\",\"contentUrl\":\"https:\\\/\\\/jurassic-airsoft.fr\\\/wp-content\\\/uploads\\\/2025\\\/03\\\/cropped-Logo_Jurassic_Airsoft_350.png\",\"width\":200,\"height\":200,\"caption\":\"Jurassic Airsoft\"},\"image\":{\"@id\":\"https:\\\/\\\/jurassic-airsoft.fr\\\/#\\\/schema\\\/logo\\\/image\\\/\"}}]}<\/script>\n<!-- \/ Yoast SEO plugin. -->","yoast_head_json":{"title":"Politique de confidentialit\u00e9 - Jurassic Airsoft","robots":{"index":"index","follow":"follow","max-snippet":"max-snippet:-1","max-image-preview":"max-image-preview:large","max-video-preview":"max-video-preview:-1"},"canonical":"https:\/\/jurassic-airsoft.fr\/?page_id=3","og_locale":"fr_FR","og_type":"article","og_title":"Politique de confidentialit\u00e9 - Jurassic Airsoft","og_description":"\u00c9diteur&nbsp;du site Le pr\u00e9sent site est \u00e9dit\u00e9 et g\u00e9r\u00e9 par l\u2019entreprise Tik &amp; Tak, immatricul\u00e9e au Registre du Commerce et des Soci\u00e9t\u00e9s de LONS-LE-SAUNIER sous le num\u00e9ro 891 754 491, dont le si\u00e8ge social est situ\u00e9 5 rue du centre, 39800 Molain, FRANCE. Directeur de la publication : Monsieur Sylvain COLIN et Monsieur S\u00e9bastien LUCIEN, [&hellip;]","og_url":"https:\/\/jurassic-airsoft.fr\/?page_id=3","og_site_name":"Jurassic Airsoft","article_modified_time":"2025-03-30T15:14:02+00:00","twitter_card":"summary_large_image","twitter_misc":{"Dur\u00e9e de lecture estim\u00e9e":"5 minutes"},"schema":{"@context":"https:\/\/schema.org","@graph":[{"@type":"WebPage","@id":"https:\/\/jurassic-airsoft.fr\/?page_id=3","url":"https:\/\/jurassic-airsoft.fr\/?page_id=3","name":"Politique de confidentialit\u00e9 - Jurassic Airsoft","isPartOf":{"@id":"https:\/\/jurassic-airsoft.fr\/#website"},"datePublished":"2025-03-24T16:28:30+00:00","dateModified":"2025-03-30T15:14:02+00:00","breadcrumb":{"@id":"https:\/\/jurassic-airsoft.fr\/?page_id=3#breadcrumb"},"inLanguage":"fr-FR","potentialAction":[{"@type":"ReadAction","target":["https:\/\/jurassic-airsoft.fr\/?page_id=3"]}]},{"@type":"BreadcrumbList","@id":"https:\/\/jurassic-airsoft.fr\/?page_id=3#breadcrumb","itemListElement":[{"@type":"ListItem","position":1,"name":"Accueil","item":"https:\/\/jurassic-airsoft.fr\/"},{"@type":"ListItem","position":2,"name":"Politique de confidentialit\u00e9"}]},{"@type":"WebSite","@id":"https:\/\/jurassic-airsoft.fr\/#website","url":"https:\/\/jurassic-airsoft.fr\/","name":"Jurassic Airsoft","description":"","publisher":{"@id":"https:\/\/jurassic-airsoft.fr\/#organization"},"potentialAction":[{"@type":"SearchAction","target":{"@type":"EntryPoint","urlTemplate":"https:\/\/jurassic-airsoft.fr\/?s={search_term_string}"},"query-input":{"@type":"PropertyValueSpecification","valueRequired":true,"valueName":"search_term_string"}}],"inLanguage":"fr-FR"},{"@type":"Organization","@id":"https:\/\/jurassic-airsoft.fr\/#organization","name":"Jurassic Airsoft","url":"https:\/\/jurassic-airsoft.fr\/","logo":{"@type":"ImageObject","inLanguage":"fr-FR","@id":"https:\/\/jurassic-airsoft.fr\/#\/schema\/logo\/image\/","url":"https:\/\/jurassic-airsoft.fr\/wp-content\/uploads\/2025\/03\/cropped-Logo_Jurassic_Airsoft_350.png","contentUrl":"https:\/\/jurassic-airsoft.fr\/wp-content\/uploads\/2025\/03\/cropped-Logo_Jurassic_Airsoft_350.png","width":200,"height":200,"caption":"Jurassic Airsoft"},"image":{"@id":"https:\/\/jurassic-airsoft.fr\/#\/schema\/logo\/image\/"}}]}},"_links":{"self":[{"href":"https:\/\/jurassic-airsoft.fr\/index.php?rest_route=\/wp\/v2\/pages\/3","targetHints":{"allow":["GET"]}}],"collection":[{"href":"https:\/\/jurassic-airsoft.fr\/index.php?rest_route=\/wp\/v2\/pages"}],"about":[{"href":"https:\/\/jurassic-airsoft.fr\/index.php?rest_route=\/wp\/v2\/types\/page"}],"author":[{"embeddable":true,"href":"https:\/\/jurassic-airsoft.fr\/index.php?rest_route=\/wp\/v2\/users\/1"}],"replies":[{"embeddable":true,"href":"https:\/\/jurassic-airsoft.fr\/index.php?rest_route=%2Fwp%2Fv2%2Fcomments&post=3"}],"version-history":[{"count":3,"href":"https:\/\/jurassic-airsoft.fr\/index.php?rest_route=\/wp\/v2\/pages\/3\/revisions"}],"predecessor-version":[{"id":158,"href":"https:\/\/jurassic-airsoft.fr\/index.php?rest_route=\/wp\/v2\/pages\/3\/revisions\/158"}],"wp:attachment":[{"href":"https:\/\/jurassic-airsoft.fr\/index.php?rest_route=%2Fwp%2Fv2%2Fmedia&parent=3"}],"curies":[{"name":"wp","href":"https:\/\/api.w.org\/{rel}","templated":true}]}}